{"id":124,"date":"2010-01-05T21:28:10","date_gmt":"2010-01-05T20:28:10","guid":{"rendered":"http:\/\/www.weli.at\/kinder\/?page_id=124"},"modified":"2018-05-25T19:41:51","modified_gmt":"2018-05-25T19:41:51","slug":"agb","status":"publish","type":"page","link":"https:\/\/www.weli.at\/kinder\/agb\/","title":{"rendered":"Impressum"},"content":{"rendered":"<p>Alle Markennamen und Warenzeichen sind Eigentum der jeweiligen Inhaber. Wir k\u00f6nnen keine Gew\u00e4hr f\u00fcr die Vollst\u00e4ndigkeit der Informationen \u00fcbernehmen.<\/p>\n","protected":false},"excerpt":{"rendered":"<p>Alle Markennamen und Warenzeichen sind Eigentum der jeweiligen Inhaber. Wir k\u00f6nnen keine Gew\u00e4hr f\u00fcr die Vollst\u00e4ndigkeit der Informationen \u00fcbernehmen. <a class=\"more-link\" href=\"https:\/\/www.weli.at\/kinder\/agb\/\">Impressum<\/a><\/p>\n","protected":false},"author":2,"featured_media":0,"parent":0,"menu_order":0,"comment_status":"closed","ping_status":"open","template":"","meta":{"_et_pb_use_builder":"","_et_pb_old_content":"","_et_gb_content_width":""},"_links":{"self":[{"href":"https:\/\/www.weli.at\/kinder\/wp-json\/wp\/v2\/pages\/124"}],"collection":[{"href":"https:\/\/www.weli.at\/kinder\/wp-json\/wp\/v2\/pages"}],"about":[{"href":"https:\/\/www.weli.at\/kinder\/wp-json\/wp\/v2\/types\/page"}],"author":[{"embeddable":true,"href":"https:\/\/www.weli.at\/kinder\/wp-json\/wp\/v2\/users\/2"}],"replies":[{"embeddable":true,"href":"https:\/\/www.weli.at\/kinder\/wp-json\/wp\/v2\/comments?post=124"}],"version-history":[{"count":0,"href":"https:\/\/www.weli.at\/kinder\/wp-json\/wp\/v2\/pages\/124\/revisions"}],"wp:attachment":[{"href":"https:\/\/www.weli.at\/kinder\/wp-json\/wp\/v2\/media?parent=124"}],"curies":[{"name":"wp","href":"https:\/\/api.w.org\/{rel}","templated":true}]}}